{"id":3100,"date":"2025-07-29T05:21:58","date_gmt":"2025-07-29T05:21:58","guid":{"rendered":"https:\/\/lacotedeboeufsamui.com\/confirmation\/"},"modified":"2025-08-05T10:40:46","modified_gmt":"2025-08-05T10:40:46","slug":"confirmation","status":"publish","type":"page","link":"https:\/\/lacotedeboeufsamui.com\/fr\/confirmation\/","title":{"rendered":"Confirmation"},"content":{"rendered":"<p>[et_pb_section fb_built=\u00a0\u00bb1&Prime; custom_padding_last_edited=\u00a0\u00bbon|phone\u00a0\u00bb _builder_version=\u00a0\u00bb4.27.4&Prime; _module_preset=\u00a0\u00bbdefault\u00a0\u00bb use_background_color_gradient=\u00a0\u00bbon\u00a0\u00bb background_color_gradient_type=\u00a0\u00bbcircular\u00a0\u00bb background_color_gradient_stops=\u00a0\u00bb#000000 0%|rgba(10,1,1,0) 100%\u00a0\u00bb background_color_gradient_overlays_image=\u00a0\u00bbon\u00a0\u00bb background_image=\u00a0\u00bbhttps:\/\/lacotedeboeufsamui.com\/wp-content\/uploads\/2025\/08\/AdobeStock_1410599790-scaled.jpeg\u00a0\u00bb custom_padding=\u00a0\u00bb24vh||17vh||false|false\u00a0\u00bb custom_padding_tablet=\u00a0\u00bb24vh||10vh||false|false\u00a0\u00bb custom_padding_phone=\u00a0\u00bb20vh||7vh||false|false\u00a0\u00bb border_radii=\u00a0\u00bboff|||10px|10px\u00a0\u00bb locked=\u00a0\u00bboff\u00a0\u00bb global_colors_info=\u00a0\u00bb{}\u00a0\u00bb][et_pb_row _builder_version=\u00a0\u00bb4.27.4&Prime; _module_preset=\u00a0\u00bbdefault\u00a0\u00bb width=\u00a0\u00bb95%\u00a0\u00bb max_width=\u00a0\u00bb95%\u00a0\u00bb global_colors_info=\u00a0\u00bb{}\u00a0\u00bb][et_pb_column type=\u00a0\u00bb4_4&Prime; _builder_version=\u00a0\u00bb4.27.4&Prime; _module_preset=\u00a0\u00bbdefault\u00a0\u00bb global_colors_info=\u00a0\u00bb{}\u00a0\u00bb][et_pb_text _builder_version=\u00a0\u00bb4.27.4&Prime; _module_preset=\u00a0\u00bbdefault\u00a0\u00bb header_font=\u00a0\u00bb&#8211;et_global_heading_font|600|||||||\u00a0\u00bb header_text_align=\u00a0\u00bbcenter\u00a0\u00bb header_text_color=\u00a0\u00bb#FFFFFF\u00a0\u00bb header_font_size=\u00a0\u00bb60px\u00a0\u00bb module_alignment=\u00a0\u00bbcenter\u00a0\u00bb header_font_size_tablet=\u00a0\u00bb50px\u00a0\u00bb header_font_size_phone=\u00a0\u00bb45px\u00a0\u00bb header_font_size_last_edited=\u00a0\u00bbon|phone\u00a0\u00bb global_colors_info=\u00a0\u00bb{}\u00a0\u00bb]<\/p>\n<h1 type=\"cite\" class=\"c-mrkdwn__quote\" data-stringify-type=\"quote\">Confirmation<\/h1>\n<p>[\/et_pb_text][et_pb_text _builder_version=\u00a0\u00bb4.27.4&Prime; _module_preset=\u00a0\u00bbdefault\u00a0\u00bb text_text_color=\u00a0\u00bb#FFFFFF\u00a0\u00bb text_font_size=\u00a0\u00bb17px\u00a0\u00bb text_orientation=\u00a0\u00bbcenter\u00a0\u00bb max_width=\u00a0\u00bb900px\u00a0\u00bb module_alignment=\u00a0\u00bbcenter\u00a0\u00bb text_font_size_tablet=\u00a0\u00bb16px\u00a0\u00bb text_font_size_phone=\u00a0\u00bb15px\u00a0\u00bb text_font_size_last_edited=\u00a0\u00bbon|phone\u00a0\u00bb global_colors_info=\u00a0\u00bb{}\u00a0\u00bb]<\/p>\n<p>Merci de nous avoir contact\u00e9s ! Nous avons re\u00e7u votre message et nous vous r\u00e9pondrons d\u00e8s que possible. <\/p>\n<p>En attendant, n&rsquo;h\u00e9sitez pas \u00e0 consulter notre site web ou \u00e0 nous suivre sur les r\u00e9seaux sociaux.<\/p>\n<p>[\/et_pb_text][\/et_pb_column][\/et_pb_row][et_pb_row _builder_version=\u00a0\u00bb4.27.4&Prime; _module_preset=\u00a0\u00bbdefault\u00a0\u00bb global_colors_info=\u00a0\u00bb{}\u00a0\u00bb][et_pb_column type=\u00a0\u00bb4_4&Prime; _builder_version=\u00a0\u00bb4.27.4&Prime; _module_preset=\u00a0\u00bbdefault\u00a0\u00bb global_colors_info=\u00a0\u00bb{}\u00a0\u00bb][et_pb_button button_url=\u00a0\u00bb@ET-DC@eyJkeW5hbWljIjp0cnVlLCJjb250ZW50IjoiaG9tZV91cmwiLCJzZXR0aW5ncyI6eyJlbmFibGVfaHRtbCI6Im9mZiJ9fQ==@\u00a0\u00bb button_text=\u00a0\u00bb Retour \u00e0 l&rsquo;accueil\u00a0\u00bb button_alignment=\u00a0\u00bbcenter\u00a0\u00bb _builder_version=\u00a0\u00bb4.27.4&Prime; _dynamic_attributes=\u00a0\u00bbbutton_url\u00a0\u00bb _module_preset=\u00a0\u00bbdefault\u00a0\u00bb hover_enabled=\u00a0\u00bb0&Prime; global_colors_info=\u00a0\u00bb{}\u00a0\u00bb sticky_enabled=\u00a0\u00bb0&Prime;][\/et_pb_button][et_pb_social_media_follow use_icon_font_size=\u00a0\u00bbon\u00a0\u00bb _builder_version=\u00a0\u00bb4.27.4&Prime; _module_preset=\u00a0\u00bbdefault\u00a0\u00bb text_orientation=\u00a0\u00bbcenter\u00a0\u00bb hover_enabled=\u00a0\u00bb0&Prime; global_colors_info=\u00a0\u00bb{}\u00a0\u00bb sticky_enabled=\u00a0\u00bb0&Prime;][et_pb_social_media_follow_network social_network=\u00a0\u00bbfacebook\u00a0\u00bb url=\u00a0\u00bbhttps:\/\/www.facebook.com\/lacotedeboeufsamui\/?locale=th_TH\u00a0\u00bb use_icon_font_size=\u00a0\u00bbon\u00a0\u00bb icon_font_size=\u00a0\u00bb20px\u00a0\u00bb _builder_version=\u00a0\u00bb4.27.4&Prime; _module_preset=\u00a0\u00bbdefault\u00a0\u00bb background_color=\u00a0\u00bb#3b5998&Prime; custom_button=\u00a0\u00bbon\u00a0\u00bb custom_margin=\u00a0\u00bb|50px||0px|false|false\u00a0\u00bb global_colors_info=\u00a0\u00bb{}\u00a0\u00bb follow_button=\u00a0\u00bboff\u00a0\u00bb url_new_window=\u00a0\u00bbon\u00a0\u00bb]facebook[\/et_pb_social_media_follow_network][et_pb_social_media_follow_network social_network=\u00a0\u00bbinstagram\u00a0\u00bb url=\u00a0\u00bbhttps:\/\/www.instagram.com\/lacotedeboeufsamui\u00a0\u00bb use_icon_font_size=\u00a0\u00bbon\u00a0\u00bb icon_font_size=\u00a0\u00bb20px\u00a0\u00bb _builder_version=\u00a0\u00bb4.27.4&Prime; _module_preset=\u00a0\u00bbdefault\u00a0\u00bb background_color=\u00a0\u00bb#ea2c59&Prime; use_background_color_gradient=\u00a0\u00bbon\u00a0\u00bb background_color_gradient_stops=\u00a0\u00bb#f9a931 0%|#c92a97 100%\u00a0\u00bb hover_enabled=\u00a0\u00bb0&Prime; global_colors_info=\u00a0\u00bb{}\u00a0\u00bb follow_button=\u00a0\u00bboff\u00a0\u00bb url_new_window=\u00a0\u00bbon\u00a0\u00bb sticky_enabled=\u00a0\u00bb0&Prime;]instagram[\/et_pb_social_media_follow_network][\/et_pb_social_media_follow][\/et_pb_column][\/et_pb_row][\/et_pb_section]<\/p>\n","protected":false},"excerpt":{"rendered":"<p>ConfirmationMerci de nous avoir contact\u00e9s ! Nous avons re\u00e7u votre message et nous vous r\u00e9pondrons d\u00e8s que possible. En attendant, n&rsquo;h\u00e9sitez pas \u00e0 consulter notre site web ou \u00e0 nous suivre sur les r\u00e9seaux sociaux.<\/p>\n","protected":false},"author":3,"featured_media":0,"parent":0,"menu_order":0,"comment_status":"closed","ping_status":"closed","template":"","meta":{"_et_pb_use_builder":"on","_et_pb_old_content":"","_et_gb_content_width":"","footnotes":""},"class_list":["post-3100","page","type-page","status-publish","hentry"],"yoast_head":"<!-- This site is optimized with the Yoast SEO plugin v27.4 - https:\/\/yoast.com\/product\/yoast-seo-wordpress\/ -->\n<title>Confirmation - La Cote de Boeuf - French Restaurant - Steackhouse Koh Samui<\/title>\n<meta name=\"robots\" content=\"index, follow, max-snippet:-1, max-image-preview:large, max-video-preview:-1\" \/>\n<link rel=\"canonical\" href=\"https:\/\/lacotedeboeufsamui.com\/fr\/confirmation\/\" \/>\n<meta property=\"og:locale\" content=\"fr_FR\" \/>\n<meta property=\"og:type\" content=\"article\" \/>\n<meta property=\"og:title\" content=\"Confirmation - La Cote de Boeuf - French Restaurant - Steackhouse Koh Samui\" \/>\n<meta property=\"og:description\" content=\"ConfirmationMerci de nous avoir contact\u00e9s ! Nous avons re\u00e7u votre message et nous vous r\u00e9pondrons d\u00e8s que possible. En attendant, n&#039;h\u00e9sitez pas \u00e0 consulter notre site web ou \u00e0 nous suivre sur les r\u00e9seaux sociaux.\" \/>\n<meta property=\"og:url\" content=\"https:\/\/lacotedeboeufsamui.com\/fr\/confirmation\/\" \/>\n<meta property=\"og:site_name\" content=\"La Cote de Boeuf - French Restaurant - Steackhouse Koh Samui\" \/>\n<meta property=\"article:modified_time\" content=\"2025-08-05T10:40:46+00:00\" \/>\n<meta name=\"twitter:card\" content=\"summary_large_image\" \/>\n<meta name=\"twitter:label1\" content=\"Dur\u00e9e de lecture estim\u00e9e\" \/>\n\t<meta name=\"twitter:data1\" content=\"2 minutes\" \/>\n<script type=\"application\/ld+json\" class=\"yoast-schema-graph\">{\"@context\":\"https:\\\/\\\/schema.org\",\"@graph\":[{\"@type\":\"WebPage\",\"@id\":\"https:\\\/\\\/lacotedeboeufsamui.com\\\/fr\\\/confirmation\\\/\",\"url\":\"https:\\\/\\\/lacotedeboeufsamui.com\\\/fr\\\/confirmation\\\/\",\"name\":\"Confirmation - La Cote de Boeuf - French Restaurant - Steackhouse Koh Samui\",\"isPartOf\":{\"@id\":\"https:\\\/\\\/lacotedeboeufsamui.com\\\/fr\\\/#website\"},\"datePublished\":\"2025-07-29T05:21:58+00:00\",\"dateModified\":\"2025-08-05T10:40:46+00:00\",\"breadcrumb\":{\"@id\":\"https:\\\/\\\/lacotedeboeufsamui.com\\\/fr\\\/confirmation\\\/#breadcrumb\"},\"inLanguage\":\"fr-FR\",\"potentialAction\":[{\"@type\":\"ReadAction\",\"target\":[\"https:\\\/\\\/lacotedeboeufsamui.com\\\/fr\\\/confirmation\\\/\"]}]},{\"@type\":\"BreadcrumbList\",\"@id\":\"https:\\\/\\\/lacotedeboeufsamui.com\\\/fr\\\/confirmation\\\/#breadcrumb\",\"itemListElement\":[{\"@type\":\"ListItem\",\"position\":1,\"name\":\"Home\",\"item\":\"https:\\\/\\\/lacotedeboeufsamui.com\\\/fr\\\/\"},{\"@type\":\"ListItem\",\"position\":2,\"name\":\"Confirmation\"}]},{\"@type\":\"WebSite\",\"@id\":\"https:\\\/\\\/lacotedeboeufsamui.com\\\/fr\\\/#website\",\"url\":\"https:\\\/\\\/lacotedeboeufsamui.com\\\/fr\\\/\",\"name\":\"La Cote de Boeuf - French Restaurant - Steackhouse Koh Samui\",\"description\":\"\",\"potentialAction\":[{\"@type\":\"SearchAction\",\"target\":{\"@type\":\"EntryPoint\",\"urlTemplate\":\"https:\\\/\\\/lacotedeboeufsamui.com\\\/fr\\\/?s={search_term_string}\"},\"query-input\":{\"@type\":\"PropertyValueSpecification\",\"valueRequired\":true,\"valueName\":\"search_term_string\"}}],\"inLanguage\":\"fr-FR\"}]}<\/script>\n<!-- \/ Yoast SEO plugin. -->","yoast_head_json":{"title":"Confirmation - La Cote de Boeuf - French Restaurant - Steackhouse Koh Samui","robots":{"index":"index","follow":"follow","max-snippet":"max-snippet:-1","max-image-preview":"max-image-preview:large","max-video-preview":"max-video-preview:-1"},"canonical":"https:\/\/lacotedeboeufsamui.com\/fr\/confirmation\/","og_locale":"fr_FR","og_type":"article","og_title":"Confirmation - La Cote de Boeuf - French Restaurant - Steackhouse Koh Samui","og_description":"ConfirmationMerci de nous avoir contact\u00e9s ! Nous avons re\u00e7u votre message et nous vous r\u00e9pondrons d\u00e8s que possible. En attendant, n'h\u00e9sitez pas \u00e0 consulter notre site web ou \u00e0 nous suivre sur les r\u00e9seaux sociaux.","og_url":"https:\/\/lacotedeboeufsamui.com\/fr\/confirmation\/","og_site_name":"La Cote de Boeuf - French Restaurant - Steackhouse Koh Samui","article_modified_time":"2025-08-05T10:40:46+00:00","twitter_card":"summary_large_image","twitter_misc":{"Dur\u00e9e de lecture estim\u00e9e":"2 minutes"},"schema":{"@context":"https:\/\/schema.org","@graph":[{"@type":"WebPage","@id":"https:\/\/lacotedeboeufsamui.com\/fr\/confirmation\/","url":"https:\/\/lacotedeboeufsamui.com\/fr\/confirmation\/","name":"Confirmation - La Cote de Boeuf - French Restaurant - Steackhouse Koh Samui","isPartOf":{"@id":"https:\/\/lacotedeboeufsamui.com\/fr\/#website"},"datePublished":"2025-07-29T05:21:58+00:00","dateModified":"2025-08-05T10:40:46+00:00","breadcrumb":{"@id":"https:\/\/lacotedeboeufsamui.com\/fr\/confirmation\/#breadcrumb"},"inLanguage":"fr-FR","potentialAction":[{"@type":"ReadAction","target":["https:\/\/lacotedeboeufsamui.com\/fr\/confirmation\/"]}]},{"@type":"BreadcrumbList","@id":"https:\/\/lacotedeboeufsamui.com\/fr\/confirmation\/#breadcrumb","itemListElement":[{"@type":"ListItem","position":1,"name":"Home","item":"https:\/\/lacotedeboeufsamui.com\/fr\/"},{"@type":"ListItem","position":2,"name":"Confirmation"}]},{"@type":"WebSite","@id":"https:\/\/lacotedeboeufsamui.com\/fr\/#website","url":"https:\/\/lacotedeboeufsamui.com\/fr\/","name":"La Cote de Boeuf - French Restaurant - Steackhouse Koh Samui","description":"","potentialAction":[{"@type":"SearchAction","target":{"@type":"EntryPoint","urlTemplate":"https:\/\/lacotedeboeufsamui.com\/fr\/?s={search_term_string}"},"query-input":{"@type":"PropertyValueSpecification","valueRequired":true,"valueName":"search_term_string"}}],"inLanguage":"fr-FR"}]}},"_links":{"self":[{"href":"https:\/\/lacotedeboeufsamui.com\/fr\/wp-json\/wp\/v2\/pages\/3100","targetHints":{"allow":["GET"]}}],"collection":[{"href":"https:\/\/lacotedeboeufsamui.com\/fr\/wp-json\/wp\/v2\/pages"}],"about":[{"href":"https:\/\/lacotedeboeufsamui.com\/fr\/wp-json\/wp\/v2\/types\/page"}],"author":[{"embeddable":true,"href":"https:\/\/lacotedeboeufsamui.com\/fr\/wp-json\/wp\/v2\/users\/3"}],"replies":[{"embeddable":true,"href":"https:\/\/lacotedeboeufsamui.com\/fr\/wp-json\/wp\/v2\/comments?post=3100"}],"version-history":[{"count":9,"href":"https:\/\/lacotedeboeufsamui.com\/fr\/wp-json\/wp\/v2\/pages\/3100\/revisions"}],"predecessor-version":[{"id":3389,"href":"https:\/\/lacotedeboeufsamui.com\/fr\/wp-json\/wp\/v2\/pages\/3100\/revisions\/3389"}],"wp:attachment":[{"href":"https:\/\/lacotedeboeufsamui.com\/fr\/wp-json\/wp\/v2\/media?parent=3100"}],"curies":[{"name":"wp","href":"https:\/\/api.w.org\/{rel}","templated":true}]}}